{"id":235,"date":"2020-03-08T20:18:39","date_gmt":"2020-03-08T19:18:39","guid":{"rendered":"http:\/\/lba-leasing.fr\/index.php\/panier\/"},"modified":"2021-02-20T22:54:28","modified_gmt":"2021-02-20T21:54:28","slug":"panier","status":"publish","type":"page","link":"https:\/\/lba-leasing.fr\/index.php\/panier\/","title":{"rendered":"Votre futur v\u00e9hicule"},"content":{"rendered":"\n<p>Tarif mensuel bas\u00e9 sur la premi\u00e8re option<\/p>\n\n\n\n\n\n\n<hr class=\"wp-block-separator\"\/>\n\n\n\n<h4>Documents n\u00e9cessaires pour \u00e9tablir votre contrat L.O.A. <\/h4>\n\n\n\n<ul><li>3 derniers bulletins salaire ( OU justificatif de revenus\u2026)<\/li><li>3 mois (Facture EDF, internet, Mobile,\u2026)<\/li><li>RIB (IBAN)<\/li><li>Justificatif domicile&nbsp;<\/li><li>Carte d\u2019identit\u00e9<\/li><li>Permis de conduire<\/li><\/ul>\n","protected":false},"excerpt":{"rendered":"<p>Tarif mensuel bas\u00e9 sur la premi\u00e8re option Documents n\u00e9cessaires pour \u00e9tablir votre contrat L.O.A. 3 derniers bulletins salaire ( OU justificatif de revenus\u2026) 3 mois (Facture EDF, internet, Mobile,\u2026) RIB (IBAN) Justificatif domicile&nbsp; Carte d\u2019identit\u00e9 Permis de conduire<\/p>\n","protected":false},"author":1,"featured_media":0,"parent":0,"menu_order":0,"comment_status":"closed","ping_status":"closed","template":"","meta":[],"yoast_head":"<!-- This site is optimized with the Yoast SEO plugin v14.1 - https:\/\/yoast.com\/wordpress\/plugins\/seo\/ -->\n<title>Votre futur v\u00e9hicule - LBA-Leasing<\/title>\n<meta name=\"robots\" content=\"index, follow\" \/>\n<meta name=\"googlebot\" content=\"index, follow, max-snippet:-1, max-image-preview:large, max-video-preview:-1\" \/>\n<meta name=\"bingbot\" content=\"index, follow, max-snippet:-1, max-image-preview:large, max-video-preview:-1\" \/>\n<link rel=\"canonical\" href=\"http:\/\/lba-leasing.fr\/index.php\/panier\/\" \/>\n<meta property=\"og:locale\" content=\"fr_FR\" \/>\n<meta property=\"og:type\" content=\"article\" \/>\n<meta property=\"og:title\" content=\"Votre futur v\u00e9hicule - LBA-Leasing\" \/>\n<meta property=\"og:description\" content=\"Tarif mensuel bas\u00e9 sur la premi\u00e8re option Documents n\u00e9cessaires pour \u00e9tablir votre contrat L.O.A. 3 derniers bulletins salaire ( OU justificatif de revenus\u2026) 3 mois (Facture EDF, internet, Mobile,\u2026) RIB (IBAN) Justificatif domicile&nbsp; Carte d\u2019identit\u00e9 Permis de conduire\" \/>\n<meta property=\"og:url\" content=\"http:\/\/lba-leasing.fr\/index.php\/panier\/\" \/>\n<meta property=\"og:site_name\" content=\"LBA-Leasing\" \/>\n<meta property=\"article:modified_time\" content=\"2021-02-20T21:54:28+00:00\" \/>\n<meta name=\"twitter:card\" content=\"summary_large_image\" \/>\n<script type=\"application\/ld+json\" class=\"yoast-schema-graph\">{\"@context\":\"https:\/\/schema.org\",\"@graph\":[{\"@type\":\"WebSite\",\"@id\":\"https:\/\/lba-leasing.fr\/#website\",\"url\":\"https:\/\/lba-leasing.fr\/\",\"name\":\"LBA-Leasing\",\"description\":\"Lucas Bouillot Automobiles\",\"potentialAction\":[{\"@type\":\"SearchAction\",\"target\":\"https:\/\/lba-leasing.fr\/?s={search_term_string}\",\"query-input\":\"required name=search_term_string\"}],\"inLanguage\":\"fr-FR\"},{\"@type\":\"WebPage\",\"@id\":\"http:\/\/lba-leasing.fr\/index.php\/panier\/#webpage\",\"url\":\"http:\/\/lba-leasing.fr\/index.php\/panier\/\",\"name\":\"Votre futur v\\u00e9hicule - LBA-Leasing\",\"isPartOf\":{\"@id\":\"https:\/\/lba-leasing.fr\/#website\"},\"datePublished\":\"2020-03-08T19:18:39+00:00\",\"dateModified\":\"2021-02-20T21:54:28+00:00\",\"inLanguage\":\"fr-FR\",\"potentialAction\":[{\"@type\":\"ReadAction\",\"target\":[\"http:\/\/lba-leasing.fr\/index.php\/panier\/\"]}]}]}<\/script>\n<!-- \/ Yoast SEO plugin. -->","_links":{"self":[{"href":"https:\/\/lba-leasing.fr\/index.php\/wp-json\/wp\/v2\/pages\/235"}],"collection":[{"href":"https:\/\/lba-leasing.fr\/index.php\/wp-json\/wp\/v2\/pages"}],"about":[{"href":"https:\/\/lba-leasing.fr\/index.php\/wp-json\/wp\/v2\/types\/page"}],"author":[{"embeddable":true,"href":"https:\/\/lba-leasing.fr\/index.php\/wp-json\/wp\/v2\/users\/1"}],"replies":[{"embeddable":true,"href":"https:\/\/lba-leasing.fr\/index.php\/wp-json\/wp\/v2\/comments?post=235"}],"version-history":[{"count":4,"href":"https:\/\/lba-leasing.fr\/index.php\/wp-json\/wp\/v2\/pages\/235\/revisions"}],"predecessor-version":[{"id":575,"href":"https:\/\/lba-leasing.fr\/index.php\/wp-json\/wp\/v2\/pages\/235\/revisions\/575"}],"wp:attachment":[{"href":"https:\/\/lba-leasing.fr\/index.php\/wp-json\/wp\/v2\/media?parent=235"}],"curies":[{"name":"wp","href":"https:\/\/api.w.org\/{rel}","templated":true}]}}