{"id":460,"date":"2021-02-01T20:54:19","date_gmt":"2021-02-01T19:54:19","guid":{"rendered":"http:\/\/lba-leasing.fr\/?page_id=460"},"modified":"2021-05-11T21:40:45","modified_gmt":"2021-05-11T19:40:45","slug":"french-cars","status":"publish","type":"page","link":"https:\/\/lba-leasing.fr\/index.php\/french-cars\/","title":{"rendered":"French Cars"},"content":{"rendered":"\n<div class=\"wp-block-media-text alignwide is-stacked-on-mobile\" style=\"grid-template-columns:31% auto\"><figure class=\"wp-block-media-text__media\"><img loading=\"lazy\" width=\"150\" height=\"150\" src=\"http:\/\/lba-leasing.fr\/wp-content\/uploads\/2021\/01\/carfr_2x150.png\" alt=\"\" class=\"wp-image-455\" srcset=\"https:\/\/lba-leasing.fr\/wp-content\/uploads\/2021\/01\/carfr_2x150.png 150w, https:\/\/lba-leasing.fr\/wp-content\/uploads\/2021\/01\/carfr_2x150-100x100.png 100w\" sizes=\"(max-width: 150px) 100vw, 150px\" \/><\/figure><div class=\"wp-block-media-text__content\">\n<p class=\"has-medium-font-size\"><br>La France est l\u2019un des berceaux de l\u2019automobile depuis la fin du 19\u00e8me si\u00e8cle, comme la premi\u00e8re Peugeot sortie1889.&nbsp;<\/p>\n<\/div><\/div>\n\n\n\n<a href=\"https:\/\/lba-leasing.fr\/index.php\/peugeot\/\" rel=\"nofollow\">\n<img loading=\"lazy\" width=\"150\" height=\"150\" src=\"https:\/\/lba-leasing.fr\/wp-content\/uploads\/2020\/03\/m6-300x200.jpg\" class=\"attachment-medium size-medium\" alt=\"\">\t\t\t\t\t\t\t\t<\/a>\n<a href=\"https:\/\/lba-leasing.fr\/index.php\/renault-2\/\">\n<img loading=\"lazy\" width=\"150\" height=\"150\" src=\"https:\/\/lba-leasing.fr\/wp-content\/uploads\/2020\/03\/m7-300x200.jpg\" class=\"attachment-medium size-medium\" alt=\"\">\t\t\t\t\t\t\t\t<\/a>\n<a href=\"https:\/\/lba-leasing.fr\/index.php\/citroen\/\">\n<img loading=\"lazy\" width=\"150\" height=\"150\" src=\"https:\/\/lba-leasing.fr\/wp-content\/uploads\/2020\/03\/m4.jpg\" class=\"attachment-large size-large\" alt=\"\">\t\n<\/a>\n<a href=\"https:\/\/lba-leasing.fr\/index.php\/ds-automobiles\/\">\n<img loading=\"lazy\" width=\"150\" height=\"150\" src=\"https:\/\/lba-leasing.fr\/wp-content\/uploads\/2020\/03\/m5-300x200.jpg\" class=\"attachment-medium size-medium\" alt=\"\">\t\t\t\t\t\t\t\t<\/a>\n\n\n\n\n","protected":false},"excerpt":{"rendered":"<p>La France est l\u2019un des berceaux de l\u2019automobile depuis la fin du 19\u00e8me si\u00e8cle, comme la premi\u00e8re Peugeot sortie1889.&nbsp;<\/p>\n","protected":false},"author":1,"featured_media":0,"parent":0,"menu_order":0,"comment_status":"closed","ping_status":"closed","template":"","meta":[],"yoast_head":"<!-- This site is optimized with the Yoast SEO plugin v14.1 - https:\/\/yoast.com\/wordpress\/plugins\/seo\/ -->\n<title>French Cars - LBA-Leasing<\/title>\n<meta name=\"robots\" content=\"index, follow\" \/>\n<meta name=\"googlebot\" content=\"index, follow, max-snippet:-1, max-image-preview:large, max-video-preview:-1\" \/>\n<meta name=\"bingbot\" content=\"index, follow, max-snippet:-1, max-image-preview:large, max-video-preview:-1\" \/>\n<link rel=\"canonical\" href=\"http:\/\/lba-leasing.fr\/index.php\/french-cars\/\" \/>\n<meta property=\"og:locale\" content=\"fr_FR\" \/>\n<meta property=\"og:type\" content=\"article\" \/>\n<meta property=\"og:title\" content=\"French Cars - LBA-Leasing\" \/>\n<meta property=\"og:description\" content=\"La France est l\u2019un des berceaux de l\u2019automobile depuis la fin du 19\u00e8me si\u00e8cle, comme la premi\u00e8re Peugeot sortie1889.&nbsp;\" \/>\n<meta property=\"og:url\" content=\"http:\/\/lba-leasing.fr\/index.php\/french-cars\/\" \/>\n<meta property=\"og:site_name\" content=\"LBA-Leasing\" \/>\n<meta property=\"article:modified_time\" content=\"2021-05-11T19:40:45+00:00\" \/>\n<meta property=\"og:image\" content=\"http:\/\/lba-leasing.fr\/wp-content\/uploads\/2021\/01\/carfr_2x150.png\" \/>\n<meta name=\"twitter:card\" content=\"summary_large_image\" \/>\n<script type=\"application\/ld+json\" class=\"yoast-schema-graph\">{\"@context\":\"https:\/\/schema.org\",\"@graph\":[{\"@type\":\"WebSite\",\"@id\":\"https:\/\/lba-leasing.fr\/#website\",\"url\":\"https:\/\/lba-leasing.fr\/\",\"name\":\"LBA-Leasing\",\"description\":\"Lucas Bouillot Automobiles\",\"potentialAction\":[{\"@type\":\"SearchAction\",\"target\":\"https:\/\/lba-leasing.fr\/?s={search_term_string}\",\"query-input\":\"required name=search_term_string\"}],\"inLanguage\":\"fr-FR\"},{\"@type\":\"ImageObject\",\"@id\":\"http:\/\/lba-leasing.fr\/index.php\/french-cars\/#primaryimage\",\"inLanguage\":\"fr-FR\",\"url\":\"http:\/\/lba-leasing.fr\/wp-content\/uploads\/2021\/01\/carfr_2x150.png\"},{\"@type\":\"WebPage\",\"@id\":\"http:\/\/lba-leasing.fr\/index.php\/french-cars\/#webpage\",\"url\":\"http:\/\/lba-leasing.fr\/index.php\/french-cars\/\",\"name\":\"French Cars - LBA-Leasing\",\"isPartOf\":{\"@id\":\"https:\/\/lba-leasing.fr\/#website\"},\"primaryImageOfPage\":{\"@id\":\"http:\/\/lba-leasing.fr\/index.php\/french-cars\/#primaryimage\"},\"datePublished\":\"2021-02-01T19:54:19+00:00\",\"dateModified\":\"2021-05-11T19:40:45+00:00\",\"inLanguage\":\"fr-FR\",\"potentialAction\":[{\"@type\":\"ReadAction\",\"target\":[\"http:\/\/lba-leasing.fr\/index.php\/french-cars\/\"]}]}]}<\/script>\n<!-- \/ Yoast SEO plugin. -->","_links":{"self":[{"href":"https:\/\/lba-leasing.fr\/index.php\/wp-json\/wp\/v2\/pages\/460"}],"collection":[{"href":"https:\/\/lba-leasing.fr\/index.php\/wp-json\/wp\/v2\/pages"}],"about":[{"href":"https:\/\/lba-leasing.fr\/index.php\/wp-json\/wp\/v2\/types\/page"}],"author":[{"embeddable":true,"href":"https:\/\/lba-leasing.fr\/index.php\/wp-json\/wp\/v2\/users\/1"}],"replies":[{"embeddable":true,"href":"https:\/\/lba-leasing.fr\/index.php\/wp-json\/wp\/v2\/comments?post=460"}],"version-history":[{"count":9,"href":"https:\/\/lba-leasing.fr\/index.php\/wp-json\/wp\/v2\/pages\/460\/revisions"}],"predecessor-version":[{"id":501,"href":"https:\/\/lba-leasing.fr\/index.php\/wp-json\/wp\/v2\/pages\/460\/revisions\/501"}],"wp:attachment":[{"href":"https:\/\/lba-leasing.fr\/index.php\/wp-json\/wp\/v2\/media?parent=460"}],"curies":[{"name":"wp","href":"https:\/\/api.w.org\/{rel}","templated":true}]}}