{"id":568,"date":"2021-03-04T22:16:24","date_gmt":"2021-03-04T21:16:24","guid":{"rendered":"http:\/\/lba-leasing.fr\/?page_id=568"},"modified":"2021-06-02T21:43:12","modified_gmt":"2021-06-02T19:43:12","slug":"vehicule-doccasion","status":"publish","type":"page","link":"https:\/\/lba-leasing.fr\/index.php\/vehicule-doccasion\/","title":{"rendered":"Nos occasions"},"content":{"rendered":"\n<div class=\"wp-block-media-text alignwide is-stacked-on-mobile\" style=\"grid-template-columns:39% auto\"><figure class=\"wp-block-media-text__media\"><img loading=\"lazy\" width=\"200\" height=\"200\" src=\"http:\/\/lba-leasing.fr\/wp-content\/uploads\/2021\/03\/car-occasionx200.png\" alt=\"\" class=\"wp-image-591\" srcset=\"https:\/\/lba-leasing.fr\/wp-content\/uploads\/2021\/03\/car-occasionx200.png 200w, https:\/\/lba-leasing.fr\/wp-content\/uploads\/2021\/03\/car-occasionx200-150x150.png 150w, https:\/\/lba-leasing.fr\/wp-content\/uploads\/2021\/03\/car-occasionx200-100x100.png 100w\" sizes=\"(max-width: 200px) 100vw, 200px\" \/><\/figure><div class=\"wp-block-media-text__content\">\n<p class=\"has-medium-font-size\">Nos v\u00e9hicules d&rsquo;occasions sont issu de notre propre parc client\u00e8les arrivant \u00e0 leur fin de leur contrat L.O.A. est d\u00e9sirant repartir sur une nouvelle gamme. <\/p>\n<\/div><\/div>\n\n\n\n<hr class=\"wp-block-separator\"\/>\n\n\n\n<p>Nos v\u00e9hicules d&rsquo;occasions ont un tr\u00e8s faible kilom\u00e9trage et sont assez r\u00e9cent afin de vous garantir une satisfaction lors de votre choix.<\/p>\n\n\n\n\n\n<iframe loading=\"lazy\" src=\"https:\/\/www.defiauto.fr\/vehicules-occasion\/\" width=\"900\" height=\"700\" allow=\"fullscreen\"><\/iframe>\n","protected":false},"excerpt":{"rendered":"<p>Nos v\u00e9hicules d&rsquo;occasions sont issu de notre propre parc client\u00e8les arrivant \u00e0 leur fin de leur contrat L.O.A. est d\u00e9sirant repartir sur une nouvelle gamme. Nos v\u00e9hicules d&rsquo;occasions ont un tr\u00e8s faible kilom\u00e9trage et sont assez r\u00e9cent afin de vous garantir une satisfaction lors de votre choix.<\/p>\n","protected":false},"author":1,"featured_media":0,"parent":0,"menu_order":0,"comment_status":"closed","ping_status":"closed","template":"","meta":[],"yoast_head":"<!-- This site is optimized with the Yoast SEO plugin v14.1 - https:\/\/yoast.com\/wordpress\/plugins\/seo\/ -->\n<title>Nos occasions - LBA-Leasing<\/title>\n<meta name=\"description\" content=\"V\u00e9hicule occasion, faible kilom\u00e9trage, r\u00e9cent, tarif n\u00e9goci\u00e9, plusieurs possibilit\u00e9 de LOA, toutes marques selon l&#039;arrivage des reprises\" \/>\n<meta name=\"robots\" content=\"index, follow\" \/>\n<meta name=\"googlebot\" content=\"index, follow, max-snippet:-1, max-image-preview:large, max-video-preview:-1\" \/>\n<meta name=\"bingbot\" content=\"index, follow, max-snippet:-1, max-image-preview:large, max-video-preview:-1\" \/>\n<link rel=\"canonical\" href=\"http:\/\/lba-leasing.fr\/index.php\/vehicule-doccasion\/\" \/>\n<meta property=\"og:locale\" content=\"fr_FR\" \/>\n<meta property=\"og:type\" content=\"article\" \/>\n<meta property=\"og:title\" content=\"Nos occasions - LBA-Leasing\" \/>\n<meta property=\"og:description\" content=\"V\u00e9hicule occasion, faible kilom\u00e9trage, r\u00e9cent, tarif n\u00e9goci\u00e9, plusieurs possibilit\u00e9 de LOA, toutes marques selon l&#039;arrivage des reprises\" \/>\n<meta property=\"og:url\" content=\"http:\/\/lba-leasing.fr\/index.php\/vehicule-doccasion\/\" \/>\n<meta property=\"og:site_name\" content=\"LBA-Leasing\" \/>\n<meta property=\"article:modified_time\" content=\"2021-06-02T19:43:12+00:00\" \/>\n<meta property=\"og:image\" content=\"http:\/\/lba-leasing.fr\/wp-content\/uploads\/2021\/03\/car-occasionx200.png\" \/>\n<meta name=\"twitter:card\" content=\"summary_large_image\" \/>\n<script type=\"application\/ld+json\" class=\"yoast-schema-graph\">{\"@context\":\"https:\/\/schema.org\",\"@graph\":[{\"@type\":\"WebSite\",\"@id\":\"https:\/\/lba-leasing.fr\/#website\",\"url\":\"https:\/\/lba-leasing.fr\/\",\"name\":\"LBA-Leasing\",\"description\":\"Lucas Bouillot Automobiles\",\"potentialAction\":[{\"@type\":\"SearchAction\",\"target\":\"https:\/\/lba-leasing.fr\/?s={search_term_string}\",\"query-input\":\"required name=search_term_string\"}],\"inLanguage\":\"fr-FR\"},{\"@type\":\"ImageObject\",\"@id\":\"http:\/\/lba-leasing.fr\/index.php\/vehicule-doccasion\/#primaryimage\",\"inLanguage\":\"fr-FR\",\"url\":\"http:\/\/lba-leasing.fr\/wp-content\/uploads\/2021\/03\/car-occasionx200.png\"},{\"@type\":\"WebPage\",\"@id\":\"http:\/\/lba-leasing.fr\/index.php\/vehicule-doccasion\/#webpage\",\"url\":\"http:\/\/lba-leasing.fr\/index.php\/vehicule-doccasion\/\",\"name\":\"Nos occasions - LBA-Leasing\",\"isPartOf\":{\"@id\":\"https:\/\/lba-leasing.fr\/#website\"},\"primaryImageOfPage\":{\"@id\":\"http:\/\/lba-leasing.fr\/index.php\/vehicule-doccasion\/#primaryimage\"},\"datePublished\":\"2021-03-04T21:16:24+00:00\",\"dateModified\":\"2021-06-02T19:43:12+00:00\",\"description\":\"V\\u00e9hicule occasion, faible kilom\\u00e9trage, r\\u00e9cent, tarif n\\u00e9goci\\u00e9, plusieurs possibilit\\u00e9 de LOA, toutes marques selon l'arrivage des reprises\",\"inLanguage\":\"fr-FR\",\"potentialAction\":[{\"@type\":\"ReadAction\",\"target\":[\"http:\/\/lba-leasing.fr\/index.php\/vehicule-doccasion\/\"]}]}]}<\/script>\n<!-- \/ Yoast SEO plugin. -->","_links":{"self":[{"href":"https:\/\/lba-leasing.fr\/index.php\/wp-json\/wp\/v2\/pages\/568"}],"collection":[{"href":"https:\/\/lba-leasing.fr\/index.php\/wp-json\/wp\/v2\/pages"}],"about":[{"href":"https:\/\/lba-leasing.fr\/index.php\/wp-json\/wp\/v2\/types\/page"}],"author":[{"embeddable":true,"href":"https:\/\/lba-leasing.fr\/index.php\/wp-json\/wp\/v2\/users\/1"}],"replies":[{"embeddable":true,"href":"https:\/\/lba-leasing.fr\/index.php\/wp-json\/wp\/v2\/comments?post=568"}],"version-history":[{"count":8,"href":"https:\/\/lba-leasing.fr\/index.php\/wp-json\/wp\/v2\/pages\/568\/revisions"}],"predecessor-version":[{"id":825,"href":"https:\/\/lba-leasing.fr\/index.php\/wp-json\/wp\/v2\/pages\/568\/revisions\/825"}],"wp:attachment":[{"href":"https:\/\/lba-leasing.fr\/index.php\/wp-json\/wp\/v2\/media?parent=568"}],"curies":[{"name":"wp","href":"https:\/\/api.w.org\/{rel}","templated":true}]}}